{"id":29,"date":"2023-05-10T14:43:33","date_gmt":"2023-05-10T12:43:33","guid":{"rendered":"http:\/\/zs5sanok.pl\/bip\/?page_id=29"},"modified":"2023-05-10T14:46:30","modified_gmt":"2023-05-10T12:46:30","slug":"statut-zespolu-szkol-nr-5-w-sanoku","status":"publish","type":"page","link":"https:\/\/zs5sanok.pl\/bip\/statut-zespolu-szkol-nr-5-w-sanoku\/","title":{"rendered":"Statut Zespo\u0142u Szk\u00f3\u0142 nr 5 w Sanoku"},"content":{"rendered":"\n<div data-wp-interactive=\"core\/file\" class=\"wp-block-file\"><object data-wp-bind--hidden=\"!state.hasPdfPreview\" hidden class=\"wp-block-file__embed\" data=\"http:\/\/zs5sanok.pl\/bip\/wp-content\/uploads\/2023\/05\/Statut_ZS5Sanok.pdf\" type=\"application\/pdf\" style=\"width:100%;height:600px\" aria-label=\"Osadzone z Statut_ZS5Sanok.\"><\/object><a id=\"wp-block-file--media-e68e65ea-2e6e-484d-9b60-8e1764cb914d\" href=\"http:\/\/zs5sanok.pl\/bip\/wp-content\/uploads\/2023\/05\/Statut_ZS5Sanok.pdf\">Statut_ZS5Sanok<\/a><a href=\"http:\/\/zs5sanok.pl\/bip\/wp-content\/uploads\/2023\/05\/Statut_ZS5Sanok.pdf\" class=\"wp-block-file__button wp-element-button\" download aria-describedby=\"wp-block-file--media-e68e65ea-2e6e-484d-9b60-8e1764cb914d\">Pobierz<\/a><\/div>\n","protected":false},"excerpt":{"rendered":"","protected":false},"author":1,"featured_media":0,"parent":0,"menu_order":0,"comment_status":"closed","ping_status":"closed","template":"","meta":{"footnotes":""},"class_list":["post-29","page","type-page","status-publish","hentry"],"_links":{"self":[{"href":"https:\/\/zs5sanok.pl\/bip\/wp-json\/wp\/v2\/pages\/29","targetHints":{"allow":["GET"]}}],"collection":[{"href":"https:\/\/zs5sanok.pl\/bip\/wp-json\/wp\/v2\/pages"}],"about":[{"href":"https:\/\/zs5sanok.pl\/bip\/wp-json\/wp\/v2\/types\/page"}],"author":[{"embeddable":true,"href":"https:\/\/zs5sanok.pl\/bip\/wp-json\/wp\/v2\/users\/1"}],"replies":[{"embeddable":true,"href":"https:\/\/zs5sanok.pl\/bip\/wp-json\/wp\/v2\/comments?post=29"}],"version-history":[{"count":3,"href":"https:\/\/zs5sanok.pl\/bip\/wp-json\/wp\/v2\/pages\/29\/revisions"}],"predecessor-version":[{"id":33,"href":"https:\/\/zs5sanok.pl\/bip\/wp-json\/wp\/v2\/pages\/29\/revisions\/33"}],"wp:attachment":[{"href":"https:\/\/zs5sanok.pl\/bip\/wp-json\/wp\/v2\/media?parent=29"}],"curies":[{"name":"wp","href":"https:\/\/api.w.org\/{rel}","templated":true}]}}