{"id":50,"date":"2025-03-26T12:27:42","date_gmt":"2025-03-26T11:27:42","guid":{"rendered":"https:\/\/zs5sanok.pl\/bip\/?page_id=50"},"modified":"2025-03-26T12:27:42","modified_gmt":"2025-03-26T11:27:42","slug":"raport-o-stanie-zapewniania-dostepnosci-podmiotu-publicznego","status":"publish","type":"page","link":"https:\/\/zs5sanok.pl\/bip\/raport-o-stanie-zapewniania-dostepnosci-podmiotu-publicznego\/","title":{"rendered":"Raport o stanie zapewniania dost\u0119pno\u015bci podmiotu publicznego"},"content":{"rendered":"\n<p>Raport o stanie zapewniania dost\u0119pno\u015bci podmiotu publicznego<br>Stan w dniu pierwszym stycznia dwa tysi\u0105ce dwudziestego pi\u0105tego roku<\/p>\n\n\n\n<p><a href=\"http:\/\/zs5sanok.pl\/bip\/wp-content\/uploads\/2025\/03\/Branzowa_Szkola_I_Stopnia_nr_5_w_Sanoku.pdf\">Bran\u017cowa Szko\u0142a I Stopnia nr 5 w Sanoku<\/a><\/p>\n\n\n\n<p><a href=\"http:\/\/zs5sanok.pl\/bip\/wp-content\/uploads\/2025\/03\/Branzowa_Szkola_II_Stopnia_nr_3_w_Sanoku.pdf\">Bran\u017cowa Szko\u0142a II Stopnia nr 3 w Sanoku<\/a><\/p>\n\n\n\n<p><a href=\"https:\/\/zs5sanok.pl\/bip\/wp-content\/uploads\/2025\/03\/Centrum_Ksztalcenia_Zawodowego_nr_2_w_Sanoku.pdf\" data-type=\"attachment\" data-id=\"47\">Centrum Kszta\u0142cenia Zawodowego nr 2 w Sanoku<\/a><\/p>\n\n\n\n<p><a href=\"https:\/\/zs5sanok.pl\/bip\/wp-content\/uploads\/2025\/03\/III_Liceum_Ogolnoksztalcace_dla_Doroslych.pdf\" data-type=\"attachment\" data-id=\"48\">III Liceum Og\u00f3lnokszta\u0142c\u0105ce dla Doros\u0142ych<\/a><\/p>\n\n\n\n<p><a href=\"https:\/\/zs5sanok.pl\/bip\/wp-content\/uploads\/2025\/03\/Technikum_nr_5_w_Sanoku.pdf\" data-type=\"attachment\" data-id=\"49\">Technikum nr 5 w Sanoku<\/a><\/p>\n","protected":false},"excerpt":{"rendered":"<p>Raport o stanie zapewniania dost\u0119pno\u015bci podmiotu publicznegoStan w dniu pierwszym stycznia dwa tysi\u0105ce dwudziestego pi\u0105tego [&hellip;]<\/p>\n","protected":false},"author":1,"featured_media":0,"parent":0,"menu_order":0,"comment_status":"closed","ping_status":"closed","template":"","meta":{"footnotes":""},"class_list":["post-50","page","type-page","status-publish","hentry"],"_links":{"self":[{"href":"https:\/\/zs5sanok.pl\/bip\/wp-json\/wp\/v2\/pages\/50","targetHints":{"allow":["GET"]}}],"collection":[{"href":"https:\/\/zs5sanok.pl\/bip\/wp-json\/wp\/v2\/pages"}],"about":[{"href":"https:\/\/zs5sanok.pl\/bip\/wp-json\/wp\/v2\/types\/page"}],"author":[{"embeddable":true,"href":"https:\/\/zs5sanok.pl\/bip\/wp-json\/wp\/v2\/users\/1"}],"replies":[{"embeddable":true,"href":"https:\/\/zs5sanok.pl\/bip\/wp-json\/wp\/v2\/comments?post=50"}],"version-history":[{"count":1,"href":"https:\/\/zs5sanok.pl\/bip\/wp-json\/wp\/v2\/pages\/50\/revisions"}],"predecessor-version":[{"id":51,"href":"https:\/\/zs5sanok.pl\/bip\/wp-json\/wp\/v2\/pages\/50\/revisions\/51"}],"wp:attachment":[{"href":"https:\/\/zs5sanok.pl\/bip\/wp-json\/wp\/v2\/media?parent=50"}],"curies":[{"name":"wp","href":"https:\/\/api.w.org\/{rel}","templated":true}]}}